{"id":6205,"date":"2026-04-30T15:21:28","date_gmt":"2026-04-30T19:21:28","guid":{"rendered":"https:\/\/papacuisine.com\/?post_type=product&#038;p=6205"},"modified":"2026-04-30T15:47:38","modified_gmt":"2026-04-30T19:47:38","slug":"biscuit-vegane-chocolat-coeur-framboise-et-pacane-torrefiee-cookine","status":"publish","type":"product","link":"https:\/\/papacuisine.com\/en\/plat\/biscuit-vegane-chocolat-coeur-framboise-et-pacane-torrefiee-cookine\/","title":{"rendered":"Biscuit v\u00e9gane chocolat, coeur framboise et pacane torr\u00e9fi\u00e9e &#8211; Cookine"},"content":{"rendered":"<p>Un coeur de framboise acidul\u00e9 avec la rondeur du chocolat,<br \/>\nc&rsquo;est assur\u00e9ment ton prochain coup de COEUR !<br \/>\nPour le croustillant, la pacane torr\u00e9fi\u00e9e est ajout\u00e9e \u00e0 la p\u00e2te cacaot\u00e9e.<\/p>\n<p><em>Poids\u00a0: 80 g. Boul\u00e9 enti\u00e8rement \u00e0 la main.<\/em><\/p>","protected":false},"excerpt":{"rendered":"<p><span style=\"font-weight: 400; color: #33372c;\">Ingr\u00e9dients: huile de coco biologique, sucre, cassonade, lait d\u2019avoine, farine de bl\u00e9 biologique, cacao en poudre, f\u00e9cule de ma\u00efs, bicarbonate, sel, pur\u00e9e de framboise, jus de citron, pectine, pacane.<\/span><\/p>\n<p><span style=\"color: #e65e5e;\"><b>Contient: bl\u00e9 (gluten), noix (pacane).<\/b><\/span><\/p>","protected":false},"featured_media":6210,"comment_status":"closed","ping_status":"closed","template":"","meta":{"inline_featured_image":false,"site-sidebar-layout":"default","site-content-layout":"","ast-site-content-layout":"default","site-content-style":"default","site-sidebar-style":"default","ast-global-header-display":"","ast-banner-title-visibility":"","ast-main-header-display":"","ast-hfb-above-header-display":"","ast-hfb-below-header-display":"","ast-hfb-mobile-header-display":"","site-post-title":"","ast-breadcrumbs-content":"","ast-featured-img":"","footer-sml-layout":"","ast-disable-related-posts":"","theme-transparent-header-meta":"default","adv-header-id-meta":"","stick-header-meta":"","header-above-stick-meta":"","header-main-stick-meta":"","header-below-stick-meta":"","astra-migrate-meta-layouts":"set","ast-page-background-enabled":"default","ast-page-background-meta":{"desktop":{"background-color":"var(--ast-global-color-4)","background-image":"","background-repeat":"repeat","background-position":"center center","background-size":"auto","background-attachment":"scroll","background-type":"","background-media":"","overlay-type":"","overlay-color":"","overlay-opacity":"","overlay-gradient":""},"tablet":{"background-color":"","background-image":"","background-repeat":"repeat","background-position":"center center","background-size":"auto","background-attachment":"scroll","background-type":"","background-media":"","overlay-type":"","overlay-color":"","overlay-opacity":"","overlay-gradient":""},"mobile":{"background-color":"","background-image":"","background-repeat":"repeat","background-position":"center center","background-size":"auto","background-attachment":"scroll","background-type":"","background-media":"","overlay-type":"","overlay-color":"","overlay-opacity":"","overlay-gradient":""}},"ast-content-background-meta":{"desktop":{"background-color":"var(--ast-global-color-5)","background-image":"","background-repeat":"repeat","background-position":"center center","background-size":"auto","background-attachment":"scroll","background-type":"","background-media":"","overlay-type":"","overlay-color":"","overlay-opacity":"","overlay-gradient":""},"tablet":{"background-color":"var(--ast-global-color-5)","background-image":"","background-repeat":"repeat","background-position":"center center","background-size":"auto","background-attachment":"scroll","background-type":"","background-media":"","overlay-type":"","overlay-color":"","overlay-opacity":"","overlay-gradient":""},"mobile":{"background-color":"var(--ast-global-color-5)","background-image":"","background-repeat":"repeat","background-position":"center center","background-size":"auto","background-attachment":"scroll","background-type":"","background-media":"","overlay-type":"","overlay-color":"","overlay-opacity":"","overlay-gradient":""}}},"product_brand":[],"product_cat":[119,124,122,121,123,120],"product_tag":[],"class_list":{"0":"post-6205","1":"product","2":"type-product","3":"status-publish","4":"has-post-thumbnail","6":"product_cat-menu-du-05-04","7":"product_cat-menu-du-06-08","8":"product_cat-menu-du-05-25","9":"product_cat-menu-du-05-18","10":"product_cat-menu-du-06-01","11":"product_cat-menu-du-05-11","12":"desktop-align-left","13":"tablet-align-left","14":"mobile-align-left","16":"first","17":"instock","18":"purchasable","19":"product-type-variable"},"_links":{"self":[{"href":"https:\/\/papacuisine.com\/en\/wp-json\/wp\/v2\/product\/6205","targetHints":{"allow":["GET"]}}],"collection":[{"href":"https:\/\/papacuisine.com\/en\/wp-json\/wp\/v2\/product"}],"about":[{"href":"https:\/\/papacuisine.com\/en\/wp-json\/wp\/v2\/types\/product"}],"replies":[{"embeddable":true,"href":"https:\/\/papacuisine.com\/en\/wp-json\/wp\/v2\/comments?post=6205"}],"wp:featuredmedia":[{"embeddable":true,"href":"https:\/\/papacuisine.com\/en\/wp-json\/wp\/v2\/media\/6210"}],"wp:attachment":[{"href":"https:\/\/papacuisine.com\/en\/wp-json\/wp\/v2\/media?parent=6205"}],"wp:term":[{"taxonomy":"product_brand","embeddable":true,"href":"https:\/\/papacuisine.com\/en\/wp-json\/wp\/v2\/product_brand?post=6205"},{"taxonomy":"product_cat","embeddable":true,"href":"https:\/\/papacuisine.com\/en\/wp-json\/wp\/v2\/product_cat?post=6205"},{"taxonomy":"product_tag","embeddable":true,"href":"https:\/\/papacuisine.com\/en\/wp-json\/wp\/v2\/product_tag?post=6205"}],"curies":[{"name":"wp","href":"https:\/\/api.w.org\/{rel}","templated":true}]}}