{"id":6135,"date":"2026-04-22T10:42:59","date_gmt":"2026-04-22T14:42:59","guid":{"rendered":"https:\/\/papacuisine.com\/?post_type=product&#038;p=6135"},"modified":"2026-04-22T10:58:19","modified_gmt":"2026-04-22T14:58:19","slug":"salade-de-quinoa-et-tofu-grille","status":"publish","type":"product","link":"https:\/\/papacuisine.com\/en\/plat\/salade-de-quinoa-et-tofu-grille\/","title":{"rendered":"Salade de quinoa et tofu grill\u00e9"},"content":{"rendered":"<p><strong>Nos salades et bols sont offerts en portion individuelle seulement, parce qu\u2019ils sont servis dans un contenant individuel.<\/strong><\/p>\n<p>Une\u00a0<b>portion individuelle<\/b>\u00a0est con\u00e7ue pour une personne et repr\u00e9sente un repas complet, \u00e9quilibr\u00e9 et rassasiant. Nos portions sont pens\u00e9es pour convenir \u00e0 un adulte avec un bon app\u00e9tit, mais peuvent \u00e9galement \u00eatre partag\u00e9es pour un plus petit mangeur ou un enfant.<\/p>","protected":false},"excerpt":{"rendered":"<p><span style=\"font-weight: 400;\">Ingr\u00e9dients de la salade: quinoa, tofu, olive, tomate s\u00e9ch\u00e9e, concombre, kale, huile, thym.\u00a0<\/span><\/p>\n<p><span style=\"color: #ed5858;\"><b>Contient: soja.\u00a0<\/b><\/span><\/p>\n<p><span style=\"font-weight: 400;\">Ingr\u00e9dients de la vinaigrette: huile, curry, origan, sauce shoyu (bl\u00e9 et soja), citron, sel, poivre, moutarde.\u00a0<\/span><\/p>\n<p><span style=\"color: #ed5858;\"><b>Contient: moutarde, bl\u00e9, soja<\/b><\/span><\/p>\n<p>Extra poulet ou tofu croustillant contient f\u00e9cule de ma\u00efs, flocons de ma\u00efs (contient du gluten).<\/p>","protected":false},"featured_media":6139,"comment_status":"closed","ping_status":"closed","template":"","meta":{"inline_featured_image":false,"site-sidebar-layout":"default","site-content-layout":"","ast-site-content-layout":"default","site-content-style":"default","site-sidebar-style":"default","ast-global-header-display":"","ast-banner-title-visibility":"","ast-main-header-display":"","ast-hfb-above-header-display":"","ast-hfb-below-header-display":"","ast-hfb-mobile-header-display":"","site-post-title":"","ast-breadcrumbs-content":"","ast-featured-img":"","footer-sml-layout":"","ast-disable-related-posts":"","theme-transparent-header-meta":"default","adv-header-id-meta":"","stick-header-meta":"","header-above-stick-meta":"","header-main-stick-meta":"","header-below-stick-meta":"","astra-migrate-meta-layouts":"set","ast-page-background-enabled":"default","ast-page-background-meta":{"desktop":{"background-color":"var(--ast-global-color-4)","background-image":"","background-repeat":"repeat","background-position":"center center","background-size":"auto","background-attachment":"scroll","background-type":"","background-media":"","overlay-type":"","overlay-color":"","overlay-opacity":"","overlay-gradient":""},"tablet":{"background-color":"","background-image":"","background-repeat":"repeat","background-position":"center center","background-size":"auto","background-attachment":"scroll","background-type":"","background-media":"","overlay-type":"","overlay-color":"","overlay-opacity":"","overlay-gradient":""},"mobile":{"background-color":"","background-image":"","background-repeat":"repeat","background-position":"center center","background-size":"auto","background-attachment":"scroll","background-type":"","background-media":"","overlay-type":"","overlay-color":"","overlay-opacity":"","overlay-gradient":""}},"ast-content-background-meta":{"desktop":{"background-color":"var(--ast-global-color-5)","background-image":"","background-repeat":"repeat","background-position":"center center","background-size":"auto","background-attachment":"scroll","background-type":"","background-media":"","overlay-type":"","overlay-color":"","overlay-opacity":"","overlay-gradient":""},"tablet":{"background-color":"var(--ast-global-color-5)","background-image":"","background-repeat":"repeat","background-position":"center center","background-size":"auto","background-attachment":"scroll","background-type":"","background-media":"","overlay-type":"","overlay-color":"","overlay-opacity":"","overlay-gradient":""},"mobile":{"background-color":"var(--ast-global-color-5)","background-image":"","background-repeat":"repeat","background-position":"center center","background-size":"auto","background-attachment":"scroll","background-type":"","background-media":"","overlay-type":"","overlay-color":"","overlay-opacity":"","overlay-gradient":""}}},"product_brand":[],"product_cat":[16,121],"product_tag":[],"class_list":{"0":"post-6135","1":"product","2":"type-product","3":"status-publish","4":"has-post-thumbnail","6":"product_cat-non-classe","7":"product_cat-menu-du-05-18","8":"desktop-align-left","9":"tablet-align-left","10":"mobile-align-left","12":"first","13":"instock","14":"purchasable","15":"product-type-variable"},"_links":{"self":[{"href":"https:\/\/papacuisine.com\/en\/wp-json\/wp\/v2\/product\/6135","targetHints":{"allow":["GET"]}}],"collection":[{"href":"https:\/\/papacuisine.com\/en\/wp-json\/wp\/v2\/product"}],"about":[{"href":"https:\/\/papacuisine.com\/en\/wp-json\/wp\/v2\/types\/product"}],"replies":[{"embeddable":true,"href":"https:\/\/papacuisine.com\/en\/wp-json\/wp\/v2\/comments?post=6135"}],"wp:featuredmedia":[{"embeddable":true,"href":"https:\/\/papacuisine.com\/en\/wp-json\/wp\/v2\/media\/6139"}],"wp:attachment":[{"href":"https:\/\/papacuisine.com\/en\/wp-json\/wp\/v2\/media?parent=6135"}],"wp:term":[{"taxonomy":"product_brand","embeddable":true,"href":"https:\/\/papacuisine.com\/en\/wp-json\/wp\/v2\/product_brand?post=6135"},{"taxonomy":"product_cat","embeddable":true,"href":"https:\/\/papacuisine.com\/en\/wp-json\/wp\/v2\/product_cat?post=6135"},{"taxonomy":"product_tag","embeddable":true,"href":"https:\/\/papacuisine.com\/en\/wp-json\/wp\/v2\/product_tag?post=6135"}],"curies":[{"name":"wp","href":"https:\/\/api.w.org\/{rel}","templated":true}]}}