{"id":6068,"date":"2026-04-14T10:22:08","date_gmt":"2026-04-14T14:22:08","guid":{"rendered":"https:\/\/papacuisine.com\/?post_type=product&#038;p=6068"},"modified":"2026-04-14T10:29:37","modified_gmt":"2026-04-14T14:29:37","slug":"%e2%9d%84%ef%b8%8f-tchoutchouka-aux-poivrons-riche-en-proteines-congele","status":"publish","type":"product","link":"https:\/\/papacuisine.com\/en\/plat\/%e2%9d%84%ef%b8%8f-tchoutchouka-aux-poivrons-riche-en-proteines-congele\/","title":{"rendered":"\u2744\ufe0f Tchoutchouka aux poivrons, riche en prot\u00e9ines (congel\u00e9)"},"content":{"rendered":"<p><strong>Profitez d\u2019un rabais sur une s\u00e9lection de plats maison, soigneusement congel\u00e9s pour pr\u00e9server toutes leurs saveurs. Une belle occasion de se r\u00e9galer \u00e0 petit prix!<\/strong><\/p>\n<p><span style=\"color: #33372c;\">Une\u00a0<b>portion individuelle<\/b>\u00a0est con\u00e7ue pour une personne et repr\u00e9sente un repas complet, \u00e9quilibr\u00e9 et rassasiant. Nos portions sont pens\u00e9es pour convenir \u00e0 un adulte avec un bon app\u00e9tit, mais peuvent \u00e9galement \u00eatre partag\u00e9es pour un plus petit mangeur ou un enfant.<\/span><\/p>\n<p><span style=\"color: #33372c;\">Une<b>\u00a0portion familiale\u00a0<\/b>repr\u00e9sente (4) quatre portions individuelles, avec des quantit\u00e9s adapt\u00e9es pour que tout le monde puisse se r\u00e9galer. C\u2019est une option id\u00e9ale pour les repas en famille et pourquoi pas \u00a0une boite \u00e0 lunch ou un autre repas pour les enfants le lendemain avec ce qu&rsquo;il reste.<br \/>\nChez Papa Cuisine, nous avons \u00e0 c\u0153ur de r\u00e9pondre aux besoins des familles, c\u2019est pourquoi nos portions familiales correspondent \u00e0 quatre fois la portion individuelle, mais avec\u00a0<b>un rabais<\/b> appliqu\u00e9 sur le prix!<\/span><\/p>","protected":false},"excerpt":{"rendered":"<p><span style=\"color: #33372c;\">Ingr\u00e9dients : <span style=\"font-weight: 400;\">poivron, tomate, oignon, ail, prot\u00e9ine v\u00e9g\u00e9tale textur\u00e9e, cumin, curcuma, paprika fum\u00e9, p\u00e2te de tomate, thym, laurier, persil, sel, poivre, huile de canola.<\/span><\/span><\/p>\n<p><span style=\"color: #ff625b;\"><b>Contient: soya.<\/b><\/span><\/p>\n<p>Vendu sans la feta.<\/p>","protected":false},"featured_media":6071,"comment_status":"closed","ping_status":"closed","template":"","meta":{"inline_featured_image":false,"site-sidebar-layout":"default","site-content-layout":"","ast-site-content-layout":"default","site-content-style":"default","site-sidebar-style":"default","ast-global-header-display":"","ast-banner-title-visibility":"","ast-main-header-display":"","ast-hfb-above-header-display":"","ast-hfb-below-header-display":"","ast-hfb-mobile-header-display":"","site-post-title":"","ast-breadcrumbs-content":"","ast-featured-img":"","footer-sml-layout":"","ast-disable-related-posts":"","theme-transparent-header-meta":"default","adv-header-id-meta":"","stick-header-meta":"","header-above-stick-meta":"","header-main-stick-meta":"","header-below-stick-meta":"","astra-migrate-meta-layouts":"set","ast-page-background-enabled":"default","ast-page-background-meta":{"desktop":{"background-color":"var(--ast-global-color-4)","background-image":"","background-repeat":"repeat","background-position":"center center","background-size":"auto","background-attachment":"scroll","background-type":"","background-media":"","overlay-type":"","overlay-color":"","overlay-opacity":"","overlay-gradient":""},"tablet":{"background-color":"","background-image":"","background-repeat":"repeat","background-position":"center center","background-size":"auto","background-attachment":"scroll","background-type":"","background-media":"","overlay-type":"","overlay-color":"","overlay-opacity":"","overlay-gradient":""},"mobile":{"background-color":"","background-image":"","background-repeat":"repeat","background-position":"center center","background-size":"auto","background-attachment":"scroll","background-type":"","background-media":"","overlay-type":"","overlay-color":"","overlay-opacity":"","overlay-gradient":""}},"ast-content-background-meta":{"desktop":{"background-color":"var(--ast-global-color-5)","background-image":"","background-repeat":"repeat","background-position":"center center","background-size":"auto","background-attachment":"scroll","background-type":"","background-media":"","overlay-type":"","overlay-color":"","overlay-opacity":"","overlay-gradient":""},"tablet":{"background-color":"var(--ast-global-color-5)","background-image":"","background-repeat":"repeat","background-position":"center center","background-size":"auto","background-attachment":"scroll","background-type":"","background-media":"","overlay-type":"","overlay-color":"","overlay-opacity":"","overlay-gradient":""},"mobile":{"background-color":"var(--ast-global-color-5)","background-image":"","background-repeat":"repeat","background-position":"center center","background-size":"auto","background-attachment":"scroll","background-type":"","background-media":"","overlay-type":"","overlay-color":"","overlay-opacity":"","overlay-gradient":""}}},"product_brand":[],"product_cat":[119,113,116,117,118,97],"product_tag":[],"class_list":{"0":"post-6068","1":"product","2":"type-product","3":"status-publish","4":"has-post-thumbnail","6":"product_cat-menu-du-05-04","7":"product_cat-menu-du-04-06","8":"product_cat-menu-du-04-13","9":"product_cat-menu-du-04-20","10":"product_cat-menu-du-04-27","11":"product_cat-plats-congeles","12":"desktop-align-left","13":"tablet-align-left","14":"mobile-align-left","16":"first","17":"instock","18":"sale","19":"purchasable","20":"product-type-variable"},"_links":{"self":[{"href":"https:\/\/papacuisine.com\/en\/wp-json\/wp\/v2\/product\/6068","targetHints":{"allow":["GET"]}}],"collection":[{"href":"https:\/\/papacuisine.com\/en\/wp-json\/wp\/v2\/product"}],"about":[{"href":"https:\/\/papacuisine.com\/en\/wp-json\/wp\/v2\/types\/product"}],"replies":[{"embeddable":true,"href":"https:\/\/papacuisine.com\/en\/wp-json\/wp\/v2\/comments?post=6068"}],"wp:featuredmedia":[{"embeddable":true,"href":"https:\/\/papacuisine.com\/en\/wp-json\/wp\/v2\/media\/6071"}],"wp:attachment":[{"href":"https:\/\/papacuisine.com\/en\/wp-json\/wp\/v2\/media?parent=6068"}],"wp:term":[{"taxonomy":"product_brand","embeddable":true,"href":"https:\/\/papacuisine.com\/en\/wp-json\/wp\/v2\/product_brand?post=6068"},{"taxonomy":"product_cat","embeddable":true,"href":"https:\/\/papacuisine.com\/en\/wp-json\/wp\/v2\/product_cat?post=6068"},{"taxonomy":"product_tag","embeddable":true,"href":"https:\/\/papacuisine.com\/en\/wp-json\/wp\/v2\/product_tag?post=6068"}],"curies":[{"name":"wp","href":"https:\/\/api.w.org\/{rel}","templated":true}]}}