{"id":6061,"date":"2026-04-14T09:58:26","date_gmt":"2026-04-14T13:58:26","guid":{"rendered":"https:\/\/papacuisine.com\/?post_type=product&#038;p=6061"},"modified":"2026-04-14T10:30:05","modified_gmt":"2026-04-14T14:30:05","slug":"sauce-arachide-aux-legumes-sans-proteine-congele","status":"publish","type":"product","link":"https:\/\/papacuisine.com\/en\/plat\/sauce-arachide-aux-legumes-sans-proteine-congele\/","title":{"rendered":"\u2744\ufe0f Sauce arachide aux l\u00e9gumes sans prot\u00e9ine (congel\u00e9)"},"content":{"rendered":"<p><strong>Profitez d\u2019un rabais sur une s\u00e9lection de plats maison, soigneusement congel\u00e9s pour pr\u00e9server toutes leurs saveurs. Une belle occasion de se r\u00e9galer \u00e0 petit prix!<\/strong><\/p>\n<p><span style=\"color: #33372c;\">Une portion repr\u00e9sente 400 grammes de sauce arachide.<\/span><\/p>","protected":false},"excerpt":{"rendered":"<p><span style=\"color: #33372c;\">Ingr\u00e9dients: beurre d\u2019arachide, patate douce, tomate, carotte, p\u00e2te de tomate, ail, oignon, gingembre, bouillon de l\u00e9gumes, curry, sel, poivre, huile de canola.<\/span><i><br \/>\n<\/i><i><\/i><b><\/b><\/p>\n<p><span style=\"color: #ff625b;\"><b>Contient: arachide, moutarde.<\/b><\/span><\/p>\n<p>&nbsp;<\/p>","protected":false},"featured_media":4817,"comment_status":"closed","ping_status":"closed","template":"","meta":{"inline_featured_image":false,"site-sidebar-layout":"default","site-content-layout":"","ast-site-content-layout":"default","site-content-style":"default","site-sidebar-style":"default","ast-global-header-display":"","ast-banner-title-visibility":"","ast-main-header-display":"","ast-hfb-above-header-display":"","ast-hfb-below-header-display":"","ast-hfb-mobile-header-display":"","site-post-title":"","ast-breadcrumbs-content":"","ast-featured-img":"","footer-sml-layout":"","ast-disable-related-posts":"","theme-transparent-header-meta":"default","adv-header-id-meta":"","stick-header-meta":"","header-above-stick-meta":"","header-main-stick-meta":"","header-below-stick-meta":"","astra-migrate-meta-layouts":"set","ast-page-background-enabled":"default","ast-page-background-meta":{"desktop":{"background-color":"var(--ast-global-color-4)","background-image":"","background-repeat":"repeat","background-position":"center center","background-size":"auto","background-attachment":"scroll","background-type":"","background-media":"","overlay-type":"","overlay-color":"","overlay-opacity":"","overlay-gradient":""},"tablet":{"background-color":"","background-image":"","background-repeat":"repeat","background-position":"center center","background-size":"auto","background-attachment":"scroll","background-type":"","background-media":"","overlay-type":"","overlay-color":"","overlay-opacity":"","overlay-gradient":""},"mobile":{"background-color":"","background-image":"","background-repeat":"repeat","background-position":"center center","background-size":"auto","background-attachment":"scroll","background-type":"","background-media":"","overlay-type":"","overlay-color":"","overlay-opacity":"","overlay-gradient":""}},"ast-content-background-meta":{"desktop":{"background-color":"var(--ast-global-color-5)","background-image":"","background-repeat":"repeat","background-position":"center center","background-size":"auto","background-attachment":"scroll","background-type":"","background-media":"","overlay-type":"","overlay-color":"","overlay-opacity":"","overlay-gradient":""},"tablet":{"background-color":"var(--ast-global-color-5)","background-image":"","background-repeat":"repeat","background-position":"center center","background-size":"auto","background-attachment":"scroll","background-type":"","background-media":"","overlay-type":"","overlay-color":"","overlay-opacity":"","overlay-gradient":""},"mobile":{"background-color":"var(--ast-global-color-5)","background-image":"","background-repeat":"repeat","background-position":"center center","background-size":"auto","background-attachment":"scroll","background-type":"","background-media":"","overlay-type":"","overlay-color":"","overlay-opacity":"","overlay-gradient":""}}},"product_brand":[],"product_cat":[119,113,116,117,118,108,97],"product_tag":[],"class_list":{"0":"post-6061","1":"product","2":"type-product","3":"status-publish","4":"has-post-thumbnail","6":"product_cat-menu-du-05-04","7":"product_cat-menu-du-04-06","8":"product_cat-menu-du-04-13","9":"product_cat-menu-du-04-20","10":"product_cat-menu-du-04-27","11":"product_cat-menu-du-03-30","12":"product_cat-plats-congeles","13":"desktop-align-left","14":"tablet-align-left","15":"mobile-align-left","17":"first","18":"instock","19":"sale","20":"purchasable","21":"product-type-variable"},"_links":{"self":[{"href":"https:\/\/papacuisine.com\/en\/wp-json\/wp\/v2\/product\/6061","targetHints":{"allow":["GET"]}}],"collection":[{"href":"https:\/\/papacuisine.com\/en\/wp-json\/wp\/v2\/product"}],"about":[{"href":"https:\/\/papacuisine.com\/en\/wp-json\/wp\/v2\/types\/product"}],"replies":[{"embeddable":true,"href":"https:\/\/papacuisine.com\/en\/wp-json\/wp\/v2\/comments?post=6061"}],"wp:featuredmedia":[{"embeddable":true,"href":"https:\/\/papacuisine.com\/en\/wp-json\/wp\/v2\/media\/4817"}],"wp:attachment":[{"href":"https:\/\/papacuisine.com\/en\/wp-json\/wp\/v2\/media?parent=6061"}],"wp:term":[{"taxonomy":"product_brand","embeddable":true,"href":"https:\/\/papacuisine.com\/en\/wp-json\/wp\/v2\/product_brand?post=6061"},{"taxonomy":"product_cat","embeddable":true,"href":"https:\/\/papacuisine.com\/en\/wp-json\/wp\/v2\/product_cat?post=6061"},{"taxonomy":"product_tag","embeddable":true,"href":"https:\/\/papacuisine.com\/en\/wp-json\/wp\/v2\/product_tag?post=6061"}],"curies":[{"name":"wp","href":"https:\/\/api.w.org\/{rel}","templated":true}]}}