{"id":2375,"date":"2026-01-05T21:14:54","date_gmt":"2026-01-06T02:14:54","guid":{"rendered":"https:\/\/papacuisine.com\/?post_type=product&#038;p=2375"},"modified":"2026-03-16T01:06:16","modified_gmt":"2026-03-16T05:06:16","slug":"carte-cadeau-old","status":"publish","type":"product","link":"https:\/\/papacuisine.com\/en\/plat\/carte-cadeau-old\/","title":{"rendered":"Carte cadeau"},"content":{"rendered":"<p><span style=\"color: #33372c;\">Offrez le cadeau parfait avec Papa Cuisine !<\/span><\/p>\n<div>\n<p><span style=\"color: #33372c;\">Vous cherchez une id\u00e9e originale et utile ? Offrez une carte cadeau Papa Cuisine et permettez \u00e0 vos proches de savourer des repas faits maison, sains et savoureux !<\/span><\/p>\n<p><span style=\"color: #33372c;\">Un cadeau pr\u00e9cieux, utile et plein d\u2019amour pour un baby shower, une naissance ou un post-partum, id\u00e9al pour aider les jeunes parents \u00e0 mieux s\u2019organiser avec l\u2019arriv\u00e9e de b\u00e9b\u00e9.\u00a0C\u2019est aussi une belle attention pour soutenir une famille au quotidien.<\/span><\/p>\n<p><em><span style=\"color: #33372c;\">*Avant d\u2019offrir votre carte cadeau, assurez-vous que la personne se trouve bien dans notre zone de livraison. <\/span><\/em><span style=\"color: #33372c;\"><em>Une fois la carte cadeau achet\u00e9e, vous recevrez un courriel contenant votre carte cadeau, que vous pourrez transmettre \u00e0 la personne de votre choix.<\/em><\/span><\/p>\n<\/div>","protected":false},"excerpt":{"rendered":"<p>Offrez le cadeau parfait avec Papa Cuisine ! Vous cherchez une id\u00e9e originale et utile ? Offrez une carte cadeau [&hellip;]<\/p>\n","protected":false},"featured_media":2574,"comment_status":"closed","ping_status":"closed","template":"","meta":{"inline_featured_image":false,"site-sidebar-layout":"default","site-content-layout":"","ast-site-content-layout":"default","site-content-style":"default","site-sidebar-style":"default","ast-global-header-display":"","ast-banner-title-visibility":"","ast-main-header-display":"","ast-hfb-above-header-display":"","ast-hfb-below-header-display":"","ast-hfb-mobile-header-display":"","site-post-title":"","ast-breadcrumbs-content":"","ast-featured-img":"","footer-sml-layout":"","ast-disable-related-posts":"","theme-transparent-header-meta":"","adv-header-id-meta":"","stick-header-meta":"","header-above-stick-meta":"","header-main-stick-meta":"","header-below-stick-meta":"","astra-migrate-meta-layouts":"default","ast-page-background-enabled":"default","ast-page-background-meta":{"desktop":{"background-color":"var(--ast-global-color-4)","background-image":"","background-repeat":"repeat","background-position":"center center","background-size":"auto","background-attachment":"scroll","background-type":"","background-media":"","overlay-type":"","overlay-color":"","overlay-opacity":"","overlay-gradient":""},"tablet":{"background-color":"","background-image":"","background-repeat":"repeat","background-position":"center center","background-size":"auto","background-attachment":"scroll","background-type":"","background-media":"","overlay-type":"","overlay-color":"","overlay-opacity":"","overlay-gradient":""},"mobile":{"background-color":"","background-image":"","background-repeat":"repeat","background-position":"center center","background-size":"auto","background-attachment":"scroll","background-type":"","background-media":"","overlay-type":"","overlay-color":"","overlay-opacity":"","overlay-gradient":""}},"ast-content-background-meta":{"desktop":{"background-color":"var(--ast-global-color-5)","background-image":"","background-repeat":"repeat","background-position":"center center","background-size":"auto","background-attachment":"scroll","background-type":"","background-media":"","overlay-type":"","overlay-color":"","overlay-opacity":"","overlay-gradient":""},"tablet":{"background-color":"var(--ast-global-color-5)","background-image":"","background-repeat":"repeat","background-position":"center center","background-size":"auto","background-attachment":"scroll","background-type":"","background-media":"","overlay-type":"","overlay-color":"","overlay-opacity":"","overlay-gradient":""},"mobile":{"background-color":"var(--ast-global-color-5)","background-image":"","background-repeat":"repeat","background-position":"center center","background-size":"auto","background-attachment":"scroll","background-type":"","background-media":"","overlay-type":"","overlay-color":"","overlay-opacity":"","overlay-gradient":""}}},"product_brand":[],"product_cat":[16],"product_tag":[],"class_list":{"0":"post-2375","1":"product","2":"type-product","3":"status-publish","4":"has-post-thumbnail","6":"product_cat-non-classe","7":"desktop-align-left","8":"tablet-align-left","9":"mobile-align-left","11":"first","12":"instock","13":"purchasable","14":"product-type-variable"},"_links":{"self":[{"href":"https:\/\/papacuisine.com\/en\/wp-json\/wp\/v2\/product\/2375","targetHints":{"allow":["GET"]}}],"collection":[{"href":"https:\/\/papacuisine.com\/en\/wp-json\/wp\/v2\/product"}],"about":[{"href":"https:\/\/papacuisine.com\/en\/wp-json\/wp\/v2\/types\/product"}],"replies":[{"embeddable":true,"href":"https:\/\/papacuisine.com\/en\/wp-json\/wp\/v2\/comments?post=2375"}],"wp:featuredmedia":[{"embeddable":true,"href":"https:\/\/papacuisine.com\/en\/wp-json\/wp\/v2\/media\/2574"}],"wp:attachment":[{"href":"https:\/\/papacuisine.com\/en\/wp-json\/wp\/v2\/media?parent=2375"}],"wp:term":[{"taxonomy":"product_brand","embeddable":true,"href":"https:\/\/papacuisine.com\/en\/wp-json\/wp\/v2\/product_brand?post=2375"},{"taxonomy":"product_cat","embeddable":true,"href":"https:\/\/papacuisine.com\/en\/wp-json\/wp\/v2\/product_cat?post=2375"},{"taxonomy":"product_tag","embeddable":true,"href":"https:\/\/papacuisine.com\/en\/wp-json\/wp\/v2\/product_tag?post=2375"}],"curies":[{"name":"wp","href":"https:\/\/api.w.org\/{rel}","templated":true}]}}