{"id":2343,"date":"2026-01-05T21:14:51","date_gmt":"2026-01-06T02:14:51","guid":{"rendered":"https:\/\/papacuisine.com\/?post_type=product&#038;p=2343"},"modified":"2026-04-14T20:55:57","modified_gmt":"2026-04-15T00:55:57","slug":"%e2%9d%84%ef%b8%8f-pate-chinois-vegane-congele","status":"publish","type":"product","link":"https:\/\/papacuisine.com\/en\/plat\/%e2%9d%84%ef%b8%8f-pate-chinois-vegane-congele\/","title":{"rendered":"\u2744\ufe0f P\u00e2t\u00e9 chinois v\u00e9gane (congel\u00e9)"},"content":{"rendered":"<p style=\"text-align: left;\"><strong>Profitez d\u2019un rabais sur une s\u00e9lection de plats maison, soigneusement congel\u00e9s pour pr\u00e9server toutes leurs saveurs. Une belle occasion de se r\u00e9galer \u00e0 petit prix!<\/strong><\/p>\n<p>Une p\u00e2t\u00e9 chinois repr\u00e9sente <strong>une (1) portion pour 2 personnes<\/strong>.<\/p>\n<p><span style=\"color: #33372c;\">Une <b>portion individuelle<\/b> est con\u00e7ue pour une personne et repr\u00e9sente un repas complet, \u00e9quilibr\u00e9 et rassasiant. Nos portions sont pens\u00e9es pour convenir \u00e0 un adulte avec un bon app\u00e9tit, mais peuvent \u00e9galement \u00eatre partag\u00e9es pour un plus petit mangeur ou un enfant.<\/span><\/p>","protected":false},"excerpt":{"rendered":"<p><span style=\"font-weight: 400; color: #33372c;\">Ingr\u00e9dients: pomme de terre, lentille verte, prot\u00e9ine v\u00e9g\u00e9tale textur\u00e9e (PVT), ma\u00efs, cr\u00e8me de soja, oignons, ail, paprika en poudre, thym frais, persil, sel, poivre<\/span><\/p>\n<p><span style=\"color: #ff625b;\"><strong>Contient: soja.<\/strong><\/span><\/p>\n<p>Un p\u00e2t\u00e9 chinois repr\u00e9sente une (1) portion pour 2 personnes.<\/p>","protected":false},"featured_media":2346,"comment_status":"closed","ping_status":"closed","template":"","meta":{"inline_featured_image":false,"site-sidebar-layout":"default","site-content-layout":"","ast-site-content-layout":"default","site-content-style":"default","site-sidebar-style":"default","ast-global-header-display":"","ast-banner-title-visibility":"","ast-main-header-display":"","ast-hfb-above-header-display":"","ast-hfb-below-header-display":"","ast-hfb-mobile-header-display":"","site-post-title":"","ast-breadcrumbs-content":"","ast-featured-img":"","footer-sml-layout":"","ast-disable-related-posts":"","theme-transparent-header-meta":"default","adv-header-id-meta":"","stick-header-meta":"","header-above-stick-meta":"","header-main-stick-meta":"","header-below-stick-meta":"","astra-migrate-meta-layouts":"set","ast-page-background-enabled":"default","ast-page-background-meta":{"desktop":{"background-color":"var(--ast-global-color-4)","background-image":"","background-repeat":"repeat","background-position":"center center","background-size":"auto","background-attachment":"scroll","background-type":"","background-media":"","overlay-type":"","overlay-color":"","overlay-opacity":"","overlay-gradient":""},"tablet":{"background-color":"","background-image":"","background-repeat":"repeat","background-position":"center center","background-size":"auto","background-attachment":"scroll","background-type":"","background-media":"","overlay-type":"","overlay-color":"","overlay-opacity":"","overlay-gradient":""},"mobile":{"background-color":"","background-image":"","background-repeat":"repeat","background-position":"center center","background-size":"auto","background-attachment":"scroll","background-type":"","background-media":"","overlay-type":"","overlay-color":"","overlay-opacity":"","overlay-gradient":""}},"ast-content-background-meta":{"desktop":{"background-color":"var(--ast-global-color-5)","background-image":"","background-repeat":"repeat","background-position":"center center","background-size":"auto","background-attachment":"scroll","background-type":"","background-media":"","overlay-type":"","overlay-color":"","overlay-opacity":"","overlay-gradient":""},"tablet":{"background-color":"var(--ast-global-color-5)","background-image":"","background-repeat":"repeat","background-position":"center center","background-size":"auto","background-attachment":"scroll","background-type":"","background-media":"","overlay-type":"","overlay-color":"","overlay-opacity":"","overlay-gradient":""},"mobile":{"background-color":"var(--ast-global-color-5)","background-image":"","background-repeat":"repeat","background-position":"center center","background-size":"auto","background-attachment":"scroll","background-type":"","background-media":"","overlay-type":"","overlay-color":"","overlay-opacity":"","overlay-gradient":""}}},"product_brand":[],"product_cat":[119,113,116,117,118,108,97],"product_tag":[],"class_list":{"0":"post-2343","1":"product","2":"type-product","3":"status-publish","4":"has-post-thumbnail","6":"product_cat-menu-du-05-04","7":"product_cat-menu-du-04-06","8":"product_cat-menu-du-04-13","9":"product_cat-menu-du-04-20","10":"product_cat-menu-du-04-27","11":"product_cat-menu-du-03-30","12":"product_cat-plats-congeles","13":"desktop-align-left","14":"tablet-align-left","15":"mobile-align-left","17":"first","18":"instock","19":"sale","20":"purchasable","21":"product-type-variable"},"_links":{"self":[{"href":"https:\/\/papacuisine.com\/en\/wp-json\/wp\/v2\/product\/2343","targetHints":{"allow":["GET"]}}],"collection":[{"href":"https:\/\/papacuisine.com\/en\/wp-json\/wp\/v2\/product"}],"about":[{"href":"https:\/\/papacuisine.com\/en\/wp-json\/wp\/v2\/types\/product"}],"replies":[{"embeddable":true,"href":"https:\/\/papacuisine.com\/en\/wp-json\/wp\/v2\/comments?post=2343"}],"wp:featuredmedia":[{"embeddable":true,"href":"https:\/\/papacuisine.com\/en\/wp-json\/wp\/v2\/media\/2346"}],"wp:attachment":[{"href":"https:\/\/papacuisine.com\/en\/wp-json\/wp\/v2\/media?parent=2343"}],"wp:term":[{"taxonomy":"product_brand","embeddable":true,"href":"https:\/\/papacuisine.com\/en\/wp-json\/wp\/v2\/product_brand?post=2343"},{"taxonomy":"product_cat","embeddable":true,"href":"https:\/\/papacuisine.com\/en\/wp-json\/wp\/v2\/product_cat?post=2343"},{"taxonomy":"product_tag","embeddable":true,"href":"https:\/\/papacuisine.com\/en\/wp-json\/wp\/v2\/product_tag?post=2343"}],"curies":[{"name":"wp","href":"https:\/\/api.w.org\/{rel}","templated":true}]}}