{"id":1120,"date":"2026-01-05T08:05:43","date_gmt":"2026-01-05T13:05:43","guid":{"rendered":"https:\/\/papacuisine.com\/?post_type=product&#038;p=1120"},"modified":"2026-01-26T11:40:28","modified_gmt":"2026-01-26T16:40:28","slug":"croustade-aux-pommes-2","status":"publish","type":"product","link":"https:\/\/papacuisine.com\/en\/plat\/croustade-aux-pommes-2\/","title":{"rendered":"Croustade aux pommes"},"content":{"rendered":"<p><span style=\"color: #33372c;\"><b>Portion : <\/b>Une croustade aux pommes repr\u00e9sente 2 portions individuelles.<\/span><\/p>","protected":false},"excerpt":{"rendered":"<p><span style=\"color: #33372c;\"><strong>Ingr\u00e9dients<\/strong>: pommes, beurre, sucre, cassonade, farine sans gluten (m\u00e9lange maison de farine de riz, farine de sarrasin, farine de coco, f\u00e9cule de ma\u00efs, f\u00e9cule d\u2019arrow-root), oeuf, lime, miel.<\/span><br \/>\n<b><\/b><\/p>\n<p><span style=\"color: #f55b5b;\"><b>Contient: oeuf, lait.<\/b><\/span><\/p>\n<p>&nbsp;<\/p>","protected":false},"featured_media":1888,"comment_status":"closed","ping_status":"closed","template":"","meta":{"inline_featured_image":false,"site-sidebar-layout":"default","site-content-layout":"","ast-site-content-layout":"default","site-content-style":"default","site-sidebar-style":"default","ast-global-header-display":"","ast-banner-title-visibility":"","ast-main-header-display":"","ast-hfb-above-header-display":"","ast-hfb-below-header-display":"","ast-hfb-mobile-header-display":"","site-post-title":"","ast-breadcrumbs-content":"","ast-featured-img":"","footer-sml-layout":"","ast-disable-related-posts":"","theme-transparent-header-meta":"","adv-header-id-meta":"","stick-header-meta":"","header-above-stick-meta":"","header-main-stick-meta":"","header-below-stick-meta":"","astra-migrate-meta-layouts":"default","ast-page-background-enabled":"default","ast-page-background-meta":{"desktop":{"background-color":"var(--ast-global-color-4)","background-image":"","background-repeat":"repeat","background-position":"center center","background-size":"auto","background-attachment":"scroll","background-type":"","background-media":"","overlay-type":"","overlay-color":"","overlay-opacity":"","overlay-gradient":""},"tablet":{"background-color":"","background-image":"","background-repeat":"repeat","background-position":"center center","background-size":"auto","background-attachment":"scroll","background-type":"","background-media":"","overlay-type":"","overlay-color":"","overlay-opacity":"","overlay-gradient":""},"mobile":{"background-color":"","background-image":"","background-repeat":"repeat","background-position":"center center","background-size":"auto","background-attachment":"scroll","background-type":"","background-media":"","overlay-type":"","overlay-color":"","overlay-opacity":"","overlay-gradient":""}},"ast-content-background-meta":{"desktop":{"background-color":"var(--ast-global-color-5)","background-image":"","background-repeat":"repeat","background-position":"center center","background-size":"auto","background-attachment":"scroll","background-type":"","background-media":"","overlay-type":"","overlay-color":"","overlay-opacity":"","overlay-gradient":""},"tablet":{"background-color":"var(--ast-global-color-5)","background-image":"","background-repeat":"repeat","background-position":"center center","background-size":"auto","background-attachment":"scroll","background-type":"","background-media":"","overlay-type":"","overlay-color":"","overlay-opacity":"","overlay-gradient":""},"mobile":{"background-color":"var(--ast-global-color-5)","background-image":"","background-repeat":"repeat","background-position":"center center","background-size":"auto","background-attachment":"scroll","background-type":"","background-media":"","overlay-type":"","overlay-color":"","overlay-opacity":"","overlay-gradient":""}}},"product_brand":[],"product_cat":[16],"product_tag":[],"class_list":{"0":"post-1120","1":"product","2":"type-product","3":"status-publish","4":"has-post-thumbnail","6":"product_cat-non-classe","7":"desktop-align-left","8":"tablet-align-left","9":"mobile-align-left","11":"first","12":"instock","13":"taxable","14":"shipping-taxable","15":"purchasable","16":"product-type-simple"},"_links":{"self":[{"href":"https:\/\/papacuisine.com\/en\/wp-json\/wp\/v2\/product\/1120","targetHints":{"allow":["GET"]}}],"collection":[{"href":"https:\/\/papacuisine.com\/en\/wp-json\/wp\/v2\/product"}],"about":[{"href":"https:\/\/papacuisine.com\/en\/wp-json\/wp\/v2\/types\/product"}],"replies":[{"embeddable":true,"href":"https:\/\/papacuisine.com\/en\/wp-json\/wp\/v2\/comments?post=1120"}],"wp:featuredmedia":[{"embeddable":true,"href":"https:\/\/papacuisine.com\/en\/wp-json\/wp\/v2\/media\/1888"}],"wp:attachment":[{"href":"https:\/\/papacuisine.com\/en\/wp-json\/wp\/v2\/media?parent=1120"}],"wp:term":[{"taxonomy":"product_brand","embeddable":true,"href":"https:\/\/papacuisine.com\/en\/wp-json\/wp\/v2\/product_brand?post=1120"},{"taxonomy":"product_cat","embeddable":true,"href":"https:\/\/papacuisine.com\/en\/wp-json\/wp\/v2\/product_cat?post=1120"},{"taxonomy":"product_tag","embeddable":true,"href":"https:\/\/papacuisine.com\/en\/wp-json\/wp\/v2\/product_tag?post=1120"}],"curies":[{"name":"wp","href":"https:\/\/api.w.org\/{rel}","templated":true}]}}