{"id":1104,"date":"2025-09-15T19:29:50","date_gmt":"2025-09-15T23:29:50","guid":{"rendered":"https:\/\/papacuisine.com\/?post_type=product&#038;p=1104"},"modified":"2026-03-20T15:26:02","modified_gmt":"2026-03-20T19:26:02","slug":"moussaka-vegane","status":"publish","type":"product","link":"https:\/\/papacuisine.com\/en\/plat\/moussaka-vegane\/","title":{"rendered":"Moussaka v\u00e9gane"},"content":{"rendered":"<p>Une\u00a0<b>portion individuelle<\/b>\u00a0est con\u00e7ue pour une personne et repr\u00e9sente un repas complet, \u00e9quilibr\u00e9 et rassasiant. Nos portions sont pens\u00e9es pour convenir \u00e0 un adulte avec un bon app\u00e9tit, mais peuvent \u00e9galement \u00eatre partag\u00e9es pour un plus petit mangeur ou un enfant.<\/p>\n<div>Une<b>\u00a0portion familiale\u00a0<\/b>repr\u00e9sente (4) quatre portions individuelles, avec des quantit\u00e9s adapt\u00e9es pour que tout le monde puisse se r\u00e9galer. C\u2019est une option id\u00e9ale pour les repas en famille et pourquoi pas \u00a0une boite \u00e0 lunch ou un autre repas pour les enfants le lendemain avec ce qu\u2019il reste.<br \/>\nChez Papa Cuisine, nous avons \u00e0 c\u0153ur de r\u00e9pondre aux besoins des familles, c\u2019est pourquoi nos portions familiales correspondent \u00e0 quatre fois la portion individuelle, mais avec\u00a0<b>un rabais<\/b> appliqu\u00e9 sur le prix!<\/div>","protected":false},"excerpt":{"rendered":"<p>Ingr\u00e9dients: aubergine, prot\u00e9ine v\u00e9g\u00e9tale textur\u00e9e, lentille verte, oignon, ail, bouillon de l\u00e9gumes, cannelle, muscade, p\u00e2te de tomate, beurre v\u00e9g\u00e9tal, farine sans gluten (m\u00e9lange maison de farine de riz, farine de sarrasin, farine de coco, f\u00e9cule de ma\u00efs, f\u00e9cule d\u2019arrow-root), lait de soja, sel, poivre, huile de canola.<br \/>\n<b><\/b><\/p>\n<p><span style=\"color: #f55353;\"><b>Contient: soja.<\/b><\/span><\/p>","protected":false},"featured_media":1900,"comment_status":"closed","ping_status":"closed","template":"","meta":{"inline_featured_image":false,"site-sidebar-layout":"default","site-content-layout":"","ast-site-content-layout":"default","site-content-style":"default","site-sidebar-style":"default","ast-global-header-display":"","ast-banner-title-visibility":"","ast-main-header-display":"","ast-hfb-above-header-display":"","ast-hfb-below-header-display":"","ast-hfb-mobile-header-display":"","site-post-title":"","ast-breadcrumbs-content":"","ast-featured-img":"","footer-sml-layout":"","ast-disable-related-posts":"","theme-transparent-header-meta":"default","adv-header-id-meta":"","stick-header-meta":"","header-above-stick-meta":"","header-main-stick-meta":"","header-below-stick-meta":"","astra-migrate-meta-layouts":"set","ast-page-background-enabled":"default","ast-page-background-meta":{"desktop":{"background-color":"var(--ast-global-color-4)","background-image":"","background-repeat":"repeat","background-position":"center center","background-size":"auto","background-attachment":"scroll","background-type":"","background-media":"","overlay-type":"","overlay-color":"","overlay-opacity":"","overlay-gradient":""},"tablet":{"background-color":"","background-image":"","background-repeat":"repeat","background-position":"center center","background-size":"auto","background-attachment":"scroll","background-type":"","background-media":"","overlay-type":"","overlay-color":"","overlay-opacity":"","overlay-gradient":""},"mobile":{"background-color":"","background-image":"","background-repeat":"repeat","background-position":"center center","background-size":"auto","background-attachment":"scroll","background-type":"","background-media":"","overlay-type":"","overlay-color":"","overlay-opacity":"","overlay-gradient":""}},"ast-content-background-meta":{"desktop":{"background-color":"var(--ast-global-color-5)","background-image":"","background-repeat":"repeat","background-position":"center center","background-size":"auto","background-attachment":"scroll","background-type":"","background-media":"","overlay-type":"","overlay-color":"","overlay-opacity":"","overlay-gradient":""},"tablet":{"background-color":"var(--ast-global-color-5)","background-image":"","background-repeat":"repeat","background-position":"center center","background-size":"auto","background-attachment":"scroll","background-type":"","background-media":"","overlay-type":"","overlay-color":"","overlay-opacity":"","overlay-gradient":""},"mobile":{"background-color":"var(--ast-global-color-5)","background-image":"","background-repeat":"repeat","background-position":"center center","background-size":"auto","background-attachment":"scroll","background-type":"","background-media":"","overlay-type":"","overlay-color":"","overlay-opacity":"","overlay-gradient":""}}},"product_brand":[],"product_cat":[116],"product_tag":[],"class_list":{"0":"post-1104","1":"product","2":"type-product","3":"status-publish","4":"has-post-thumbnail","6":"product_cat-menu-du-04-13","7":"desktop-align-left","8":"tablet-align-left","9":"mobile-align-left","11":"first","12":"instock","13":"purchasable","14":"product-type-variable"},"_links":{"self":[{"href":"https:\/\/papacuisine.com\/en\/wp-json\/wp\/v2\/product\/1104","targetHints":{"allow":["GET"]}}],"collection":[{"href":"https:\/\/papacuisine.com\/en\/wp-json\/wp\/v2\/product"}],"about":[{"href":"https:\/\/papacuisine.com\/en\/wp-json\/wp\/v2\/types\/product"}],"replies":[{"embeddable":true,"href":"https:\/\/papacuisine.com\/en\/wp-json\/wp\/v2\/comments?post=1104"}],"wp:featuredmedia":[{"embeddable":true,"href":"https:\/\/papacuisine.com\/en\/wp-json\/wp\/v2\/media\/1900"}],"wp:attachment":[{"href":"https:\/\/papacuisine.com\/en\/wp-json\/wp\/v2\/media?parent=1104"}],"wp:term":[{"taxonomy":"product_brand","embeddable":true,"href":"https:\/\/papacuisine.com\/en\/wp-json\/wp\/v2\/product_brand?post=1104"},{"taxonomy":"product_cat","embeddable":true,"href":"https:\/\/papacuisine.com\/en\/wp-json\/wp\/v2\/product_cat?post=1104"},{"taxonomy":"product_tag","embeddable":true,"href":"https:\/\/papacuisine.com\/en\/wp-json\/wp\/v2\/product_tag?post=1104"}],"curies":[{"name":"wp","href":"https:\/\/api.w.org\/{rel}","templated":true}]}}