{"id":3858,"date":"2026-02-14T14:05:06","date_gmt":"2026-02-14T19:05:06","guid":{"rendered":"https:\/\/papacuisine.com\/?page_id=3858"},"modified":"2026-04-17T14:57:01","modified_gmt":"2026-04-17T18:57:01","slug":"fonctionnement","status":"publish","type":"page","link":"https:\/\/papacuisine.com\/en\/fonctionnement\/","title":{"rendered":"Operation"},"content":{"rendered":"\t\t<div data-elementor-type=\"wp-page\" data-elementor-id=\"3858\" class=\"elementor elementor-3858\">\n\t\t\t\t<div class=\"elementor-element elementor-element-cbf78c9 e-con-full e-flex e-con e-parent\" data-id=\"cbf78c9\" data-element_type=\"container\" data-e-type=\"container\" data-settings=\"{&quot;background_background&quot;:&quot;classic&quot;}\">\n\t\t\t\t<div class=\"elementor-element elementor-element-257fc76 elementor-widget elementor-widget-heading\" data-id=\"257fc76\" data-element_type=\"widget\" data-e-type=\"widget\" data-widget_type=\"heading.default\">\n\t\t\t\t<div class=\"elementor-widget-container\">\n\t\t\t\t\t<h1 class=\"elementor-heading-title elementor-size-default\">Fonctionnement de notre service<\/h1>\t\t\t\t<\/div>\n\t\t\t\t<\/div>\n\t\t\t\t<\/div>\n\t\t<div class=\"elementor-element elementor-element-a545553 e-flex e-con-boxed e-con e-parent\" data-id=\"a545553\" data-element_type=\"container\" data-e-type=\"container\">\n\t\t\t\t\t<div class=\"e-con-inner\">\n\t\t<div class=\"elementor-element elementor-element-756da79 e-con-full e-flex e-con e-child\" data-id=\"756da79\" data-element_type=\"container\" data-e-type=\"container\">\n\t\t\t\t<div class=\"elementor-element elementor-element-3cc5f46 elementor-widget elementor-widget-image\" data-id=\"3cc5f46\" data-element_type=\"widget\" data-e-type=\"widget\" data-widget_type=\"image.default\">\n\t\t\t\t<div class=\"elementor-widget-container\">\n\t\t\t\t\t\t\t\t\t\t\t\t\t\t\t<img fetchpriority=\"high\" decoding=\"async\" width=\"600\" height=\"600\" src=\"https:\/\/papacuisine.com\/wp-content\/uploads\/2026\/03\/comment-ca-fonctionne-papa-cuisine-1.jpg\" class=\"attachment-large size-large wp-image-3963\" alt=\"Papa Cuisine propose des repas facile \u00e0 int\u00e9grer \u00e0 votre quotidien gr\u00e2ce \u00e0 la livraison de plats sant\u00e9, v\u00e9g\u00e9s, v\u00e9ganes, sans lactose et sans gluten.\" title=\"Fonctionnement\">\t\t\t\t\t\t\t\t\t\t\t\t\t\t\t<\/div>\n\t\t\t\t<\/div>\n\t\t\t\t<\/div>\n\t\t<div class=\"elementor-element elementor-element-2482b52 e-con-full e-flex e-con e-child\" data-id=\"2482b52\" data-element_type=\"container\" data-e-type=\"container\">\n\t\t\t\t<div class=\"elementor-element elementor-element-cdf22a4 elementor-widget elementor-widget-text-editor\" data-id=\"cdf22a4\" data-element_type=\"widget\" data-e-type=\"widget\" data-widget_type=\"text-editor.default\">\n\t\t\t\t<div class=\"elementor-widget-container\">\n\t\t\t\t\t\t\t\t\t<p><a href=\"https:\/\/papacuisine.com\/\"><strong>Chez Papa Cuisine<\/strong><\/a>, nous avons con\u00e7u un service simple et chaleureux pour rendre vos repas en semaine aussi pratiques que savoureux.<\/p><p>Parce que nous savons que le manque de temps, la fatigue ou les restrictions alimentaires peuvent vite transformer le souper en casse-t\u00eate, nous pr\u00e9parons pour vous des repas frais ou congel\u00e9s v\u00e9g\u00e9tariens, v\u00e9ganes, sans gluten ou sans lactose pens\u00e9s pour simplifier votre quotidien tout en conservant le plaisir de bien manger.<\/p><p>D\u00e9couvrez ci-dessous, les principales informations \u00e0 propos de notre fonctionnement. Pour lire les <a href=\"https:\/\/papacuisine.com\/faq\/\">questions fr\u00e9quemment pos\u00e9es<\/a>, cliquez sur le bouton au bas de ces encadr\u00e9s.<\/p>\t\t\t\t\t\t\t\t<\/div>\n\t\t\t\t<\/div>\n\t\t\t\t<\/div>\n\t\t\t\t\t<\/div>\n\t\t\t\t<\/div>\n\t\t<div class=\"elementor-element elementor-element-67061c1 e-con-full e-flex e-con e-parent\" data-id=\"67061c1\" data-element_type=\"container\" data-e-type=\"container\" data-settings=\"{&quot;background_background&quot;:&quot;classic&quot;}\">\n\t\t\t\t<div class=\"elementor-element elementor-element-b37121e elementor-widget elementor-widget-text-editor\" data-id=\"b37121e\" data-element_type=\"widget\" data-e-type=\"widget\" data-widget_type=\"text-editor.default\">\n\t\t\t\t<div class=\"elementor-widget-container\">\n\t\t\t\t\t\t\t\t\t<p><strong>Tous les mardis, nous livrons vos repas directement chez vous, dans cette <a href=\"https:\/\/papacuisine.com\/fonctionnement\/#zone\">zone de livraison<\/a><\/strong><\/p>\t\t\t\t\t\t\t\t<\/div>\n\t\t\t\t<\/div>\n\t\t\t\t<\/div>\n\t\t<div class=\"elementor-element elementor-element-487ab5d e-flex e-con-boxed e-con e-parent\" data-id=\"487ab5d\" data-element_type=\"container\" data-e-type=\"container\">\n\t\t\t\t\t<div class=\"e-con-inner\">\n\t\t<div class=\"elementor-element elementor-element-2263dcc e-con-full e-flex e-con e-child\" data-id=\"2263dcc\" data-element_type=\"container\" data-e-type=\"container\">\n\t\t\t\t<div class=\"elementor-element elementor-element-d1c1490 elementor-widget elementor-widget-text-editor\" data-id=\"d1c1490\" data-element_type=\"widget\" data-e-type=\"widget\" data-widget_type=\"text-editor.default\">\n\t\t\t\t<div class=\"elementor-widget-container\">\n\t\t\t\t\t\t\t\t\t<h4><b>Co\u00fbts et conditions de livraison<\/b><\/h4>\n<ul>\n<li>Commande minimum : 50 $.<\/li>\n<li>9 $ par livraison pour les commandes de 100 $ et moins.<\/li>\n<li>Livraison gratuite pour les commandes sup\u00e9rieures \u00e0 100 $.<\/li>\n<li>Commandez toutes les semaines ou selon vos envies.<\/li>\n<li>Aucun engagement.<\/li>\n<li>Aucun abonnement.<\/li>\n<\/ul>\t\t\t\t\t\t\t\t<\/div>\n\t\t\t\t<\/div>\n\t\t\t\t<\/div>\n\t\t<div class=\"elementor-element elementor-element-0e5c5f8 e-con-full e-flex e-con e-child\" data-id=\"0e5c5f8\" data-element_type=\"container\" data-e-type=\"container\">\n\t\t\t\t<div class=\"elementor-element elementor-element-64e3ec6 elementor-widget elementor-widget-image\" data-id=\"64e3ec6\" data-element_type=\"widget\" data-e-type=\"widget\" data-widget_type=\"image.default\">\n\t\t\t\t<div class=\"elementor-widget-container\">\n\t\t\t\t\t\t\t\t\t\t\t\t\t\t\t<img decoding=\"async\" width=\"1200\" height=\"675\" src=\"https:\/\/papacuisine.com\/wp-content\/uploads\/2026\/03\/fonctionnement-papa-cuisine.jpg\" class=\"attachment-large size-large wp-image-3955\" alt=\"Papa cuisine pr\u00e9pare et livre des repas sant\u00e9, v\u00e9g\u00e9tarien, v\u00e9g\u00e9talien, sans lactose, sans gluten. Livraison tous les mardis\" title=\"Fonctionnement\">\t\t\t\t\t\t\t\t\t\t\t\t\t\t\t<\/div>\n\t\t\t\t<\/div>\n\t\t\t\t<\/div>\n\t\t\t\t\t<\/div>\n\t\t\t\t<\/div>\n\t\t<div class=\"elementor-element elementor-element-395f4d6 e-flex e-con-boxed e-con e-parent\" data-id=\"395f4d6\" data-element_type=\"container\" data-e-type=\"container\">\n\t\t\t\t\t<div class=\"e-con-inner\">\n\t\t\t\t<div class=\"elementor-element elementor-element-723d0f9 elementor-widget-divider--view-line elementor-widget elementor-widget-divider\" data-id=\"723d0f9\" data-element_type=\"widget\" data-e-type=\"widget\" data-widget_type=\"divider.default\">\n\t\t\t\t<div class=\"elementor-widget-container\">\n\t\t\t\t\t\t\t<div class=\"elementor-divider\">\n\t\t\t<span class=\"elementor-divider-separator\">\n\t\t\t\t\t\t<\/span>\n\t\t<\/div>\n\t\t\t\t\t\t<\/div>\n\t\t\t\t<\/div>\n\t\t\t\t\t<\/div>\n\t\t\t\t<\/div>\n\t\t<div class=\"elementor-element elementor-element-4d30309 e-flex e-con-boxed e-con e-parent\" data-id=\"4d30309\" data-element_type=\"container\" data-e-type=\"container\">\n\t\t\t\t\t<div class=\"e-con-inner\">\n\t\t<div class=\"elementor-element elementor-element-ead0d35 e-con-full e-flex e-con e-child\" data-id=\"ead0d35\" data-element_type=\"container\" data-e-type=\"container\">\n\t\t\t\t<div class=\"elementor-element elementor-element-6ee677c elementor-widget elementor-widget-image\" data-id=\"6ee677c\" data-element_type=\"widget\" data-e-type=\"widget\" data-widget_type=\"image.default\">\n\t\t\t\t<div class=\"elementor-widget-container\">\n\t\t\t\t\t\t\t\t\t\t\t\t\t\t\t<img decoding=\"async\" width=\"1200\" height=\"675\" src=\"https:\/\/papacuisine.com\/wp-content\/uploads\/2026\/03\/livraison-maison-papacuisine-1.jpg\" class=\"attachment-large size-large wp-image-4105\" alt=\"Une question ou un commentaire ? Contactez Papa Cuisine par t\u00e9l\u00e9phone, courriel ou notre formulaire\" title=\"Fonctionnement\">\t\t\t\t\t\t\t\t\t\t\t\t\t\t\t<\/div>\n\t\t\t\t<\/div>\n\t\t\t\t<\/div>\n\t\t<div class=\"elementor-element elementor-element-2c68368 e-con-full e-flex e-con e-child\" data-id=\"2c68368\" data-element_type=\"container\" data-e-type=\"container\">\n\t\t\t\t<div class=\"elementor-element elementor-element-c3daabf elementor-widget elementor-widget-text-editor\" data-id=\"c3daabf\" data-element_type=\"widget\" data-e-type=\"widget\" data-widget_type=\"text-editor.default\">\n\t\t\t\t<div class=\"elementor-widget-container\">\n\t\t\t\t\t\t\t\t\t<h4><b>Comment commander ?<\/b><\/h4><p>Sur notre site, vous avez acc\u00e8s aux menus des 4 prochaines semaines. Chaque dimanche soir, un nouveau menu s&rsquo;y ajoute pour que vous ayez toujours 4 semaines de planification devant vous.<\/p><p>Passez votre commande<b>\u00a0avant dimanche soir<\/b>\u00a0: vous avez jusqu\u2019\u00e0 23h59 pour passer votre commande, pour une livraison le mardi.<\/p><p>Des plats pr\u00e9par\u00e9s avec soin : livr\u00e9s dans des sacs sous vide ou des contenants recyclables, pour allier praticit\u00e9 et <a href=\"https:\/\/www.environnement.gouv.qc.ca\/matieres\/gestion.htm\" target=\"_blank\" rel=\"noopener\">respect de l\u2019environnement<\/a>.<\/p><p>Votre commande vous sera livr\u00e9e dans une glaci\u00e8re avec un bloc r\u00e9frig\u00e9rant pour garantir la fraicheur. Lors de votre prochaine commande nous ferons l\u2019\u00e9change de glaci\u00e8res. Pensez donc \u00e0 nous la remettre lors de notre passage!<\/p>\t\t\t\t\t\t\t\t<\/div>\n\t\t\t\t<\/div>\n\t\t\t\t<\/div>\n\t\t\t\t\t<\/div>\n\t\t\t\t<\/div>\n\t\t<div class=\"elementor-element elementor-element-2e70dd6 e-flex e-con-boxed e-con e-parent\" data-id=\"2e70dd6\" data-element_type=\"container\" data-e-type=\"container\">\n\t\t\t\t\t<div class=\"e-con-inner\">\n\t\t\t\t<div class=\"elementor-element elementor-element-6174f66 elementor-widget-divider--view-line elementor-widget elementor-widget-divider\" data-id=\"6174f66\" data-element_type=\"widget\" data-e-type=\"widget\" data-widget_type=\"divider.default\">\n\t\t\t\t<div class=\"elementor-widget-container\">\n\t\t\t\t\t\t\t<div class=\"elementor-divider\">\n\t\t\t<span class=\"elementor-divider-separator\">\n\t\t\t\t\t\t<\/span>\n\t\t<\/div>\n\t\t\t\t\t\t<\/div>\n\t\t\t\t<\/div>\n\t\t\t\t\t<\/div>\n\t\t\t\t<\/div>\n\t\t<div class=\"elementor-element elementor-element-6ac42d7 e-flex e-con-boxed e-con e-parent\" data-id=\"6ac42d7\" data-element_type=\"container\" data-e-type=\"container\">\n\t\t\t\t\t<div class=\"e-con-inner\">\n\t\t<div class=\"elementor-element elementor-element-a375665 e-con-full e-flex e-con e-child\" data-id=\"a375665\" data-element_type=\"container\" data-e-type=\"container\">\n\t\t\t\t<div class=\"elementor-element elementor-element-42c34df elementor-widget elementor-widget-image\" data-id=\"42c34df\" data-element_type=\"widget\" data-e-type=\"widget\" data-widget_type=\"image.default\">\n\t\t\t\t<div class=\"elementor-widget-container\">\n\t\t\t\t\t\t\t\t\t\t\t\t\t\t\t<img loading=\"lazy\" decoding=\"async\" width=\"1200\" height=\"675\" src=\"https:\/\/papacuisine.com\/wp-content\/uploads\/2026\/03\/livraison-maison-papacuisine.jpg\" class=\"attachment-large size-large wp-image-4056\" alt=\"Livraison d&#039;une bo\u00eete \u00e0 lunch contenant les repas Papa Cuisine.\" title=\"Fonctionnement\">\t\t\t\t\t\t\t\t\t\t\t\t\t\t\t<\/div>\n\t\t\t\t<\/div>\n\t\t\t\t<\/div>\n\t\t<div class=\"elementor-element elementor-element-4dc05ca e-con-full e-flex e-con e-child\" data-id=\"4dc05ca\" data-element_type=\"container\" data-e-type=\"container\">\n\t\t\t\t<div class=\"elementor-element elementor-element-bf89456 elementor-widget elementor-widget-text-editor\" data-id=\"bf89456\" data-element_type=\"widget\" data-e-type=\"widget\" data-widget_type=\"text-editor.default\">\n\t\t\t\t<div class=\"elementor-widget-container\">\n\t\t\t\t\t\t\t\t\t<h4><b>Un suivi en temps r\u00e9el<\/b><\/h4><p>La veille de la livraison, vous recevez un num\u00e9ro de suivi par courriel ou par t\u00e9l\u00e9phone pour conna\u00eetre l\u2019heure pr\u00e9vue de <a href=\"https:\/\/papacuisine.com\/fonctionnement\/#zone\">livraison<\/a>. Le mardi, suivez votre repas en temps r\u00e9el jusqu\u2019\u00e0 votre porte.<\/p><p>Nous avons \u00e0 c\u0153ur de rendre chaque livraison sp\u00e9ciale et de vous offrir des moments gourmands sans stress. Laissez-nous prendre soin de vos repas, pendant que vous profitez de votre temps en famille !<\/p>\t\t\t\t\t\t\t\t<\/div>\n\t\t\t\t<\/div>\n\t\t\t\t<\/div>\n\t\t\t\t\t<\/div>\n\t\t\t\t<\/div>\n\t\t<div class=\"elementor-element elementor-element-801a339 e-flex e-con-boxed e-con e-parent\" data-id=\"801a339\" data-element_type=\"container\" data-e-type=\"container\">\n\t\t\t\t\t<div class=\"e-con-inner\">\n\t\t\t\t<div class=\"elementor-element elementor-element-40c23a6 elementor-widget elementor-widget-button\" data-id=\"40c23a6\" data-element_type=\"widget\" data-e-type=\"widget\" data-widget_type=\"button.default\">\n\t\t\t\t<div class=\"elementor-widget-container\">\n\t\t\t\t\t\t\t\t\t<div class=\"elementor-button-wrapper\">\n\t\t\t\t\t<a class=\"elementor-button elementor-button-link elementor-size-sm\" href=\"\/menu\/menu-de-la-semaine\">\n\t\t\t\t\t\t<span class=\"elementor-button-content-wrapper\">\n\t\t\t\t\t\t\t\t\t<span class=\"elementor-button-text\">Choisir mes repas<\/span>\n\t\t\t\t\t<\/span>\n\t\t\t\t\t<\/a>\n\t\t\t\t<\/div>\n\t\t\t\t\t\t\t\t<\/div>\n\t\t\t\t<\/div>\n\t\t\t\t<div class=\"elementor-element elementor-element-b075b15 elementor-widget elementor-widget-button\" data-id=\"b075b15\" data-element_type=\"widget\" data-e-type=\"widget\" data-widget_type=\"button.default\">\n\t\t\t\t<div class=\"elementor-widget-container\">\n\t\t\t\t\t\t\t\t\t<div class=\"elementor-button-wrapper\">\n\t\t\t\t\t<a class=\"elementor-button elementor-button-link elementor-size-sm\" href=\"\/faq\/\">\n\t\t\t\t\t\t<span class=\"elementor-button-content-wrapper\">\n\t\t\t\t\t\t\t\t\t<span class=\"elementor-button-text\">Consulter la FAQ<\/span>\n\t\t\t\t\t<\/span>\n\t\t\t\t\t<\/a>\n\t\t\t\t<\/div>\n\t\t\t\t\t\t\t\t<\/div>\n\t\t\t\t<\/div>\n\t\t\t\t\t<\/div>\n\t\t\t\t<\/div>\n\t\t<div class=\"elementor-element elementor-element-0c00f82 e-flex e-con-boxed e-con e-parent\" data-id=\"0c00f82\" data-element_type=\"container\" data-e-type=\"container\">\n\t\t\t\t\t<div class=\"e-con-inner\">\n\t\t\t\t<div class=\"elementor-element elementor-element-bbce58b elementor-widget elementor-widget-menu-anchor\" data-id=\"bbce58b\" data-element_type=\"widget\" data-e-type=\"widget\" data-widget_type=\"menu-anchor.default\">\n\t\t\t\t<div class=\"elementor-widget-container\">\n\t\t\t\t\t\t\t<div class=\"elementor-menu-anchor\" id=\"zone\"><\/div>\n\t\t\t\t\t\t<\/div>\n\t\t\t\t<\/div>\n\t\t\t\t<div class=\"elementor-element elementor-element-75a413f elementor-widget elementor-widget-html\" data-id=\"75a413f\" data-element_type=\"widget\" data-e-type=\"widget\" data-widget_type=\"html.default\">\n\t\t\t\t<div class=\"elementor-widget-container\">\n\t\t\t\t\t<div style=\"text-align: center; padding: 20px;\">\r\n  <h3>Entrer votre code postal pour v\u00e9rifier si nous livrons dans votre quartier<\/h3>\r\n  <div style=\"display: flex; justify-content: center; gap: 10px; margin: 15px; 0px\">\r\n    <input id=\"locationInput\" type=\"text\" placeholder=\"Entrer votre code postal, pour v\u00e9rifier si nous livrons dans votre quartier\" \r\n           style=\"margin: 0px;padding: 10px 20px; width: 250px; border-radius: 8px; border: 2px solid #ddd; font-size: 16px; outline: none; transition: border-color 0.3s;\">\r\n    <button onclick=\"checkLocation()\" \r\n            style=\"padding: 0px 20px; background-color: #557c56; color: white; border: none; border-radius: 8px; cursor: pointer; font-size: 16px; transition: background-color 0.3s;\">\r\n      V\u00e9rifier\r\n    <\/button>\r\n  <\/div>\r\n  <div id=\"errorMessage\" style=\"color: red; font-size: 16px; margin-top: 10px; display: none; padding: 10px; border: 2px solid red; border-radius: 5px;\">\r\n    Malheureusement, nous ne livrons pas encore chez vous, mais n\u2019h\u00e9sitez pas \u00e0 nous contacter et nous verrons s\u2019il est possible d\u2019ajouter votre code postal \u00e0 notre zone de livraison. \r\n  <\/div>\r\n  <div id=\"successMessage\" style=\"color: green; font-size: 16px; margin-top: 10px; display: none; padding: 10px; border: 2px solid green; border-radius: 5px;\">\r\n    Bonne nouvelle, on livre dans votre quartier!\r\n  <\/div>\r\n<\/div>\r\n\r\n<script>\r\n  function checkLocation() {\r\nconst locationCodes = [\r\n  'H1A','H1B','H1C','H1E','H1G','H1H','H1J','H1K','H1L','H1M','H1N','H1P','H1R','H1S','H1T','H1V','H1W','H1X','H1Y','H1Z',\r\n  'H2A','H2B','H2C','H2E','H2G','H2H','H2J','H2K','H2L','H2M','H2N','H2P','H2R','H2S','H2T','H2V','H2W','H2X','H2Y','H2Z',\r\n  'H3A','H3B','H3C','H3E','H3G','H3H','H3J','H3K','H3L','H3M','H3N','H3P','H3R','H3S','H3T','H3V','H3W','H3X','H3Y','H3Z',\r\n  'H4A','H4B','H4C','H4E','H4G','H4H','H4J','H4K','H4L','H4M','H4N','H4P','H4R','H4S','H4T','H4V','H4W','H4X','H4Z',\r\n  'H5A','H5B',\r\n  'H7A','H7B','H7C','H7E','H7G','H7H','H7J','H7K','H7L','H7M','H7N','H7P','H7R','H7S','H7T','H7V','H7W','H7X','H7Y',\r\n  'H8N','H8P','H8R','H8S','H8T','H8Y','H8Z',\r\n  'H9A','H9B','H9C','H9E','H9G','H9H','H9J','H9K','H9P','H9R','H9S','H9W','H9X',\r\n\r\n  'J3E','J3N','J3V','J3Y','J3Z',\r\n  'J4B','J4G','J4H','J4J','J4K','J4L','J4M','J4N','J4P','J4R','J4S','J4T','J4V','J4W','J4X','J4Y','J4Z',\r\n  'J5A','J5B','J5C','J5R','J5Y','J5Z',\r\n  'J6A','J6V','J6W','J6X','J6Y','J6Z',\r\n  'J7A','J7B','J7C','J7E','J7G','J7H','J7K','J7L','J7P','J7R'\r\n];\r\n    const userInput = document.getElementById(\"locationInput\").value.toUpperCase().trim();\r\n    const prefix = userInput.substring(0, 3); \/\/ \u06af\u0631\u0641\u062a\u0646 \u0633\u0647 \u062d\u0631\u0641 \u0627\u0648\u0644\r\n    const errorMessage = document.getElementById(\"errorMessage\");\r\n    const successMessage = document.getElementById(\"successMessage\");\r\n\r\n    if (locationCodes.includes(prefix)) {\r\n      successMessage.style.display = \"block\";\r\n      errorMessage.style.display = \"none\";\r\n    } else {\r\n      errorMessage.style.display = \"block\";\r\n      successMessage.style.display = \"none\";\r\n    }\r\n  }\r\n<\/script>\r\n\t\t\t\t<\/div>\n\t\t\t\t<\/div>\n\t\t\t\t<div class=\"elementor-element elementor-element-afc8b94 elementor-widget elementor-widget-html\" data-id=\"afc8b94\" data-element_type=\"widget\" data-e-type=\"widget\" data-widget_type=\"html.default\">\n\t\t\t\t<div class=\"elementor-widget-container\">\n\t\t\t\t\t<iframe src=\"https:\/\/www.google.com\/maps\/d\/embed?mid=1codZ-awKy0WOvn9cbQoSMnHao5vtyWQ&ehbc=2E312F\" width=\"100%\" height=\"550\">\n<\/iframe>\t\t\t\t<\/div>\n\t\t\t\t<\/div>\n\t\t\t\t\t<\/div>\n\t\t\t\t<\/div>\n\t\t\t\t<\/div>\n\t\t","protected":false},"excerpt":{"rendered":"<p>Fonctionnement de notre service Chez Papa Cuisine, nous avons con\u00e7u un service simple et chaleureux pour rendre vos repas en [&hellip;]<\/p>\n","protected":false},"author":14,"featured_media":0,"parent":0,"menu_order":0,"comment_status":"closed","ping_status":"closed","template":"","meta":{"inline_featured_image":false,"site-sidebar-layout":"no-sidebar","site-content-layout":"","ast-site-content-layout":"full-width-container","site-content-style":"unboxed","site-sidebar-style":"default","ast-global-header-display":"","ast-banner-title-visibility":"","ast-main-header-display":"","ast-hfb-above-header-display":"","ast-hfb-below-header-display":"","ast-hfb-mobile-header-display":"","site-post-title":"disabled","ast-breadcrumbs-content":"","ast-featured-img":"disabled","footer-sml-layout":"","ast-disable-related-posts":"","theme-transparent-header-meta":"enabled","adv-header-id-meta":"","stick-header-meta":"","header-above-stick-meta":"","header-main-stick-meta":"","header-below-stick-meta":"","astra-migrate-meta-layouts":"default","ast-page-background-enabled":"default","ast-page-background-meta":{"desktop":{"background-color":"var(--ast-global-color-4)","background-image":"","background-repeat":"repeat","background-position":"center center","background-size":"auto","background-attachment":"scroll","background-type":"","background-media":"","overlay-type":"","overlay-color":"","overlay-opacity":"","overlay-gradient":""},"tablet":{"background-color":"","background-image":"","background-repeat":"repeat","background-position":"center center","background-size":"auto","background-attachment":"scroll","background-type":"","background-media":"","overlay-type":"","overlay-color":"","overlay-opacity":"","overlay-gradient":""},"mobile":{"background-color":"","background-image":"","background-repeat":"repeat","background-position":"center center","background-size":"auto","background-attachment":"scroll","background-type":"","background-media":"","overlay-type":"","overlay-color":"","overlay-opacity":"","overlay-gradient":""}},"ast-content-background-meta":{"desktop":{"background-color":"var(--ast-global-color-5)","background-image":"","background-repeat":"repeat","background-position":"center center","background-size":"auto","background-attachment":"scroll","background-type":"","background-media":"","overlay-type":"","overlay-color":"","overlay-opacity":"","overlay-gradient":""},"tablet":{"background-color":"var(--ast-global-color-5)","background-image":"","background-repeat":"repeat","background-position":"center center","background-size":"auto","background-attachment":"scroll","background-type":"","background-media":"","overlay-type":"","overlay-color":"","overlay-opacity":"","overlay-gradient":""},"mobile":{"background-color":"var(--ast-global-color-5)","background-image":"","background-repeat":"repeat","background-position":"center center","background-size":"auto","background-attachment":"scroll","background-type":"","background-media":"","overlay-type":"","overlay-color":"","overlay-opacity":"","overlay-gradient":""}},"footnotes":""},"class_list":["post-3858","page","type-page","status-publish","hentry"],"_links":{"self":[{"href":"https:\/\/papacuisine.com\/en\/wp-json\/wp\/v2\/pages\/3858","targetHints":{"allow":["GET"]}}],"collection":[{"href":"https:\/\/papacuisine.com\/en\/wp-json\/wp\/v2\/pages"}],"about":[{"href":"https:\/\/papacuisine.com\/en\/wp-json\/wp\/v2\/types\/page"}],"author":[{"embeddable":true,"href":"https:\/\/papacuisine.com\/en\/wp-json\/wp\/v2\/users\/14"}],"replies":[{"embeddable":true,"href":"https:\/\/papacuisine.com\/en\/wp-json\/wp\/v2\/comments?post=3858"}],"version-history":[{"count":126,"href":"https:\/\/papacuisine.com\/en\/wp-json\/wp\/v2\/pages\/3858\/revisions"}],"predecessor-version":[{"id":6118,"href":"https:\/\/papacuisine.com\/en\/wp-json\/wp\/v2\/pages\/3858\/revisions\/6118"}],"wp:attachment":[{"href":"https:\/\/papacuisine.com\/en\/wp-json\/wp\/v2\/media?parent=3858"}],"curies":[{"name":"wp","href":"https:\/\/api.w.org\/{rel}","templated":true}]}}